{"id":104,"date":"2022-12-12T08:42:47","date_gmt":"2022-12-12T08:42:47","guid":{"rendered":"http:\/\/kinderarzt-mellendorf.de\/?page_id=104"},"modified":"2025-10-14T20:46:11","modified_gmt":"2025-10-14T20:46:11","slug":"das-team","status":"publish","type":"page","link":"https:\/\/kinderarzt-mellendorf.de\/?page_id=104","title":{"rendered":"Das Team"},"content":{"rendered":"<p>[et_pb_section fb_built=&#8220;1&#8243; admin_label=&#8220;Call to Action&#8220; _builder_version=&#8220;4.19.1&#8243; _module_preset=&#8220;default&#8220; background_color=&#8220;#008791&#8243; locked=&#8220;off&#8220; collapsed=&#8220;on&#8220; global_colors_info=&#8220;{}&#8220;][et_pb_row _builder_version=&#8220;4.19.1&#8243; _module_preset=&#8220;default&#8220; max_width=&#8220;860px&#8220; global_colors_info=&#8220;{}&#8220;][et_pb_column type=&#8220;4_4&#8243; _builder_version=&#8220;4.17.6&#8243; _module_preset=&#8220;default&#8220; global_colors_info=&#8220;{}&#8220;][et_pb_text _builder_version=&#8220;4.19.1&#8243; _module_preset=&#8220;b327cbe4-b1d5-4b66-ad37-40c8f2f061ba&#8220; header_2_font=&#8220;Open Sans|700|||||||&#8220; header_2_text_color=&#8220;#FFFFFF&#8220; header_2_font_size=&#8220;48px&#8220; header_2_line_height=&#8220;1.2em&#8220; text_orientation=&#8220;center&#8220; header_2_font_size_tablet=&#8220;32px&#8220; header_2_font_size_phone=&#8220;20px&#8220; header_2_font_size_last_edited=&#8220;on|desktop&#8220; global_colors_info=&#8220;{}&#8220;]<\/p>\n<h2>Das Team<\/h2>\n<p>[\/et_pb_text][\/et_pb_column][\/et_pb_row][\/et_pb_section][et_pb_section fb_built=&#8220;1&#8243; admin_label=&#8220;Header&#8220; _builder_version=&#8220;4.19.1&#8243; _module_preset=&#8220;default&#8220; background_color=&#8220;#faf5ef&#8220; custom_padding=&#8220;||0px||false|false&#8220; collapsed=&#8220;on&#8220; global_colors_info=&#8220;{}&#8220;][et_pb_row column_structure=&#8220;3_4,1_4&#8243; _builder_version=&#8220;4.19.1&#8243; _module_preset=&#8220;default&#8220; custom_padding=&#8220;||27px|||&#8220; global_colors_info=&#8220;{}&#8220;][et_pb_column type=&#8220;3_4&#8243; _builder_version=&#8220;4.17.6&#8243; _module_preset=&#8220;default&#8220; global_colors_info=&#8220;{}&#8220;][et_pb_text _builder_version=&#8220;4.19.1&#8243; _module_preset=&#8220;default&#8220; header_2_font=&#8220;Open Sans||||||||&#8220; header_2_font_size=&#8220;15px&#8220; header_2_line_height=&#8220;0.6em&#8220; global_colors_info=&#8220;{}&#8220;]<\/p>\n<p class=\"p3\"><b>Dr. med. Sandra S\u00fc\u00dfmuth<\/b><\/p>\n<p class=\"p3\">Fach\u00e4rztin Kinder- und Jugendmedizin,<\/p>\n<p class=\"p3\">Zusatzweiterbildung Kinderpneumologie (Lungenheilkunde) und Allergologie<\/p>\n<p>&nbsp;<\/p>\n<p>[\/et_pb_text][\/et_pb_column][et_pb_column type=&#8220;1_4&#8243; _builder_version=&#8220;4.17.6&#8243; _module_preset=&#8220;default&#8220; global_colors_info=&#8220;{}&#8220;][et_pb_image src=&#8220;https:\/\/kinderarzt-mellendorf.de\/wp-content\/uploads\/2024\/06\/suessmuth.jpg&#8220; title_text=&#8220;suessmuth&#8220; _builder_version=&#8220;4.19.1&#8243; _module_preset=&#8220;default&#8220; global_colors_info=&#8220;{}&#8220;][\/et_pb_image][\/et_pb_column][\/et_pb_row][et_pb_row column_structure=&#8220;3_4,1_4&#8243; _builder_version=&#8220;4.19.1&#8243; _module_preset=&#8220;default&#8220; custom_padding=&#8220;||22px|||&#8220; global_colors_info=&#8220;{}&#8220;][et_pb_column type=&#8220;3_4&#8243; _builder_version=&#8220;4.17.6&#8243; _module_preset=&#8220;default&#8220; global_colors_info=&#8220;{}&#8220;][et_pb_text _builder_version=&#8220;4.19.1&#8243; _module_preset=&#8220;default&#8220; header_2_font=&#8220;Open Sans||||||||&#8220; header_2_font_size=&#8220;15px&#8220; header_2_line_height=&#8220;0.6em&#8220; global_colors_info=&#8220;{}&#8220;]<\/p>\n<p><b>Nina Strau\u00df<\/b><\/p>\n<p class=\"p3\">Angestellte Fach\u00e4rztin f\u00fcr Kinder- und Jugendmedizin<\/p>\n<p>&nbsp;<\/p>\n<p>[\/et_pb_text][\/et_pb_column][et_pb_column type=&#8220;1_4&#8243; _builder_version=&#8220;4.17.6&#8243; _module_preset=&#8220;default&#8220; global_colors_info=&#8220;{}&#8220;][et_pb_image src=&#8220;https:\/\/kinderarzt-mellendorf.de\/wp-content\/uploads\/2024\/06\/demo.jpg&#8220; title_text=&#8220;demo&#8220; _builder_version=&#8220;4.19.1&#8243; _module_preset=&#8220;default&#8220; global_colors_info=&#8220;{}&#8220;][\/et_pb_image][\/et_pb_column][\/et_pb_row][et_pb_row column_structure=&#8220;3_4,1_4&#8243; _builder_version=&#8220;4.19.1&#8243; _module_preset=&#8220;default&#8220; custom_padding=&#8220;||22px|||&#8220; global_colors_info=&#8220;{}&#8220;][et_pb_column type=&#8220;3_4&#8243; _builder_version=&#8220;4.17.6&#8243; _module_preset=&#8220;default&#8220; global_colors_info=&#8220;{}&#8220;][et_pb_text _builder_version=&#8220;4.19.1&#8243; _module_preset=&#8220;default&#8220; header_2_font=&#8220;Open Sans||||||||&#8220; header_2_font_size=&#8220;15px&#8220; header_2_line_height=&#8220;0.6em&#8220; global_colors_info=&#8220;{}&#8220;]<\/p>\n<p><b>Michele Arendt<\/b><\/p>\n<p class=\"p3\">Medizinische Fachangestellte (MFA)<\/p>\n<p class=\"p4\">\n<ul><\/ul>\n<p>[\/et_pb_text][\/et_pb_column][et_pb_column type=&#8220;1_4&#8243; _builder_version=&#8220;4.17.6&#8243; _module_preset=&#8220;default&#8220; global_colors_info=&#8220;{}&#8220;][et_pb_image src=&#8220;https:\/\/kinderarzt-mellendorf.de\/wp-content\/uploads\/2024\/06\/demo.jpg&#8220; title_text=&#8220;demo&#8220; _builder_version=&#8220;4.19.1&#8243; _module_preset=&#8220;default&#8220; global_colors_info=&#8220;{}&#8220;][\/et_pb_image][\/et_pb_column][\/et_pb_row][et_pb_row column_structure=&#8220;3_4,1_4&#8243; _builder_version=&#8220;4.19.1&#8243; _module_preset=&#8220;default&#8220; custom_padding=&#8220;||22px|||&#8220; global_colors_info=&#8220;{}&#8220;][et_pb_column type=&#8220;3_4&#8243; _builder_version=&#8220;4.17.6&#8243; _module_preset=&#8220;default&#8220; global_colors_info=&#8220;{}&#8220;][et_pb_text _builder_version=&#8220;4.19.1&#8243; _module_preset=&#8220;default&#8220; header_2_font=&#8220;Open Sans||||||||&#8220; header_2_font_size=&#8220;15px&#8220; header_2_line_height=&#8220;0.6em&#8220; global_colors_info=&#8220;{}&#8220;]<\/p>\n<p class=\"p3\"><b>Bianca Kaselitz<span class=\"apple-converted-space\">\u00a0<\/span><\/b><\/p>\n<p class=\"p3\">Medizinische Fachangestellte (MFA)<\/p>\n<ul><\/ul>\n<p>[\/et_pb_text][\/et_pb_column][et_pb_column type=&#8220;1_4&#8243; _builder_version=&#8220;4.17.6&#8243; _module_preset=&#8220;default&#8220; global_colors_info=&#8220;{}&#8220;][et_pb_image src=&#8220;https:\/\/kinderarzt-mellendorf.de\/wp-content\/uploads\/2024\/06\/demo.jpg&#8220; title_text=&#8220;demo&#8220; _builder_version=&#8220;4.19.1&#8243; _module_preset=&#8220;default&#8220; global_colors_info=&#8220;{}&#8220;][\/et_pb_image][\/et_pb_column][\/et_pb_row][et_pb_row column_structure=&#8220;3_4,1_4&#8243; _builder_version=&#8220;4.19.1&#8243; _module_preset=&#8220;default&#8220; custom_padding=&#8220;||22px|||&#8220; global_colors_info=&#8220;{}&#8220;][et_pb_column type=&#8220;3_4&#8243; _builder_version=&#8220;4.17.6&#8243; _module_preset=&#8220;default&#8220; global_colors_info=&#8220;{}&#8220;][et_pb_text _builder_version=&#8220;4.19.1&#8243; _module_preset=&#8220;default&#8220; header_2_font=&#8220;Open Sans||||||||&#8220; header_2_font_size=&#8220;15px&#8220; header_2_line_height=&#8220;0.6em&#8220; global_colors_info=&#8220;{}&#8220;]<\/p>\n<p class=\"p4\"><o:p><\/o:p><b>Simone Voigt<\/b><\/p>\n<p class=\"p3\">Medizinische Fachangestellte (MFA)<\/p>\n<ul><\/ul>\n<p>[\/et_pb_text][\/et_pb_column][et_pb_column type=&#8220;1_4&#8243; _builder_version=&#8220;4.17.6&#8243; _module_preset=&#8220;default&#8220; global_colors_info=&#8220;{}&#8220;][et_pb_image src=&#8220;https:\/\/kinderarzt-mellendorf.de\/wp-content\/uploads\/2024\/06\/demo.jpg&#8220; title_text=&#8220;demo&#8220; _builder_version=&#8220;4.19.1&#8243; _module_preset=&#8220;default&#8220; hover_enabled=&#8220;0&#8243; global_colors_info=&#8220;{}&#8220; sticky_enabled=&#8220;0&#8243;][\/et_pb_image][\/et_pb_column][\/et_pb_row][et_pb_row column_structure=&#8220;3_4,1_4&#8243; _builder_version=&#8220;4.19.1&#8243; _module_preset=&#8220;default&#8220; custom_padding=&#8220;||121px|||&#8220; global_colors_info=&#8220;{}&#8220;][et_pb_column type=&#8220;3_4&#8243; _builder_version=&#8220;4.17.6&#8243; _module_preset=&#8220;default&#8220; global_colors_info=&#8220;{}&#8220;][et_pb_text _builder_version=&#8220;4.19.1&#8243; _module_preset=&#8220;default&#8220; header_2_font=&#8220;Open Sans||||||||&#8220; header_2_font_size=&#8220;15px&#8220; header_2_line_height=&#8220;0.6em&#8220; global_colors_info=&#8220;{}&#8220;]<\/p>\n<p class=\"p4\"><o:p><\/o:p><b>Lena Heinrichs<\/b><\/p>\n<p class=\"p3\">Auszubildende MFA<\/p>\n<ul><\/ul>\n<p>[\/et_pb_text][\/et_pb_column][et_pb_column type=&#8220;1_4&#8243; _builder_version=&#8220;4.17.6&#8243; _module_preset=&#8220;default&#8220; global_colors_info=&#8220;{}&#8220;][et_pb_image src=&#8220;https:\/\/kinderarzt-mellendorf.de\/wp-content\/uploads\/2024\/06\/demo.jpg&#8220; title_text=&#8220;demo&#8220; _builder_version=&#8220;4.19.1&#8243; _module_preset=&#8220;default&#8220; hover_enabled=&#8220;0&#8243; global_colors_info=&#8220;{}&#8220; sticky_enabled=&#8220;0&#8243;][\/et_pb_image][\/et_pb_column][\/et_pb_row][\/et_pb_section]<\/p>\n","protected":false},"excerpt":{"rendered":"<p>Das TeamDr. med. Sandra S\u00fc\u00dfmuth Fach\u00e4rztin Kinder- und Jugendmedizin, Zusatzweiterbildung Kinderpneumologie (Lungenheilkunde) und Allergologie &nbsp;Nina Strau\u00df Angestellte Fach\u00e4rztin f\u00fcr Kinder- und Jugendmedizin &nbsp;Michele Arendt Medizinische Fachangestellte (MFA) Bianca Kaselitz\u00a0 Medizinische Fachangestellte (MFA) Simone Voigt Medizinische Fachangestellte (MFA) Lena Heinrichs Auszubildende MFA<\/p>\n","protected":false},"author":2,"featured_media":0,"parent":0,"menu_order":0,"comment_status":"closed","ping_status":"closed","template":"","meta":{"_et_pb_use_builder":"on","_et_pb_old_content":"","_et_gb_content_width":"","footnotes":""},"yoast_head":"<!-- This site is optimized with the Yoast SEO plugin v19.10 - https:\/\/yoast.com\/wordpress\/plugins\/seo\/ -->\n<title>Das Team - KinderArztpraxis Mellendorf, Dr. med. Sandra S\u00fc\u00dfmuth<\/title>\n<meta name=\"robots\" content=\"index, follow, max-snippet:-1, max-image-preview:large, max-video-preview:-1\" \/>\n<link rel=\"canonical\" href=\"https:\/\/kinderarzt-mellendorf.de\/?page_id=104\" \/>\n<meta property=\"og:locale\" content=\"de_DE\" \/>\n<meta property=\"og:type\" content=\"article\" \/>\n<meta property=\"og:title\" content=\"Das Team - KinderArztpraxis Mellendorf, Dr. med. Sandra S\u00fc\u00dfmuth\" \/>\n<meta property=\"og:description\" content=\"Das TeamDr. med. Sandra S\u00fc\u00dfmuth Fach\u00e4rztin Kinder- und Jugendmedizin, Zusatzweiterbildung Kinderpneumologie (Lungenheilkunde) und Allergologie &nbsp;Nina Strau\u00df Angestellte Fach\u00e4rztin f\u00fcr Kinder- und Jugendmedizin &nbsp;Michele Arendt Medizinische Fachangestellte (MFA) Bianca Kaselitz\u00a0 Medizinische Fachangestellte (MFA) Simone Voigt Medizinische Fachangestellte (MFA) Lena Heinrichs Auszubildende MFA\" \/>\n<meta property=\"og:url\" content=\"https:\/\/kinderarzt-mellendorf.de\/?page_id=104\" \/>\n<meta property=\"og:site_name\" content=\"KinderArztpraxis Mellendorf, Dr. med. Sandra S\u00fc\u00dfmuth\" \/>\n<meta property=\"article:modified_time\" content=\"2025-10-14T20:46:11+00:00\" \/>\n<meta name=\"twitter:card\" content=\"summary_large_image\" \/>\n<script type=\"application\/ld+json\" class=\"yoast-schema-graph\">{\"@context\":\"https:\/\/schema.org\",\"@graph\":[{\"@type\":\"WebPage\",\"@id\":\"https:\/\/kinderarzt-mellendorf.de\/?page_id=104\",\"url\":\"https:\/\/kinderarzt-mellendorf.de\/?page_id=104\",\"name\":\"Das Team - KinderArztpraxis Mellendorf, Dr. med. Sandra S\u00fc\u00dfmuth\",\"isPartOf\":{\"@id\":\"https:\/\/kinderarzt-mellendorf.de\/#website\"},\"datePublished\":\"2022-12-12T08:42:47+00:00\",\"dateModified\":\"2025-10-14T20:46:11+00:00\",\"breadcrumb\":{\"@id\":\"https:\/\/kinderarzt-mellendorf.de\/?page_id=104#breadcrumb\"},\"inLanguage\":\"de-DE\",\"potentialAction\":[{\"@type\":\"ReadAction\",\"target\":[\"https:\/\/kinderarzt-mellendorf.de\/?page_id=104\"]}]},{\"@type\":\"BreadcrumbList\",\"@id\":\"https:\/\/kinderarzt-mellendorf.de\/?page_id=104#breadcrumb\",\"itemListElement\":[{\"@type\":\"ListItem\",\"position\":1,\"name\":\"Startseite\",\"item\":\"https:\/\/kinderarzt-mellendorf.de\/\"},{\"@type\":\"ListItem\",\"position\":2,\"name\":\"Das Team\"}]},{\"@type\":\"WebSite\",\"@id\":\"https:\/\/kinderarzt-mellendorf.de\/#website\",\"url\":\"https:\/\/kinderarzt-mellendorf.de\/\",\"name\":\"KinderArztpraxis Mellendorf, Dr. med. Sandra S\u00fc\u00dfmuth\",\"description\":\"\",\"potentialAction\":[{\"@type\":\"SearchAction\",\"target\":{\"@type\":\"EntryPoint\",\"urlTemplate\":\"https:\/\/kinderarzt-mellendorf.de\/?s={search_term_string}\"},\"query-input\":\"required name=search_term_string\"}],\"inLanguage\":\"de-DE\"}]}<\/script>\n<!-- \/ Yoast SEO plugin. -->","yoast_head_json":{"title":"Das Team - KinderArztpraxis Mellendorf, Dr. med. Sandra S\u00fc\u00dfmuth","robots":{"index":"index","follow":"follow","max-snippet":"max-snippet:-1","max-image-preview":"max-image-preview:large","max-video-preview":"max-video-preview:-1"},"canonical":"https:\/\/kinderarzt-mellendorf.de\/?page_id=104","og_locale":"de_DE","og_type":"article","og_title":"Das Team - KinderArztpraxis Mellendorf, Dr. med. Sandra S\u00fc\u00dfmuth","og_description":"Das TeamDr. med. Sandra S\u00fc\u00dfmuth Fach\u00e4rztin Kinder- und Jugendmedizin, Zusatzweiterbildung Kinderpneumologie (Lungenheilkunde) und Allergologie &nbsp;Nina Strau\u00df Angestellte Fach\u00e4rztin f\u00fcr Kinder- und Jugendmedizin &nbsp;Michele Arendt Medizinische Fachangestellte (MFA) Bianca Kaselitz\u00a0 Medizinische Fachangestellte (MFA) Simone Voigt Medizinische Fachangestellte (MFA) Lena Heinrichs Auszubildende MFA","og_url":"https:\/\/kinderarzt-mellendorf.de\/?page_id=104","og_site_name":"KinderArztpraxis Mellendorf, Dr. med. Sandra S\u00fc\u00dfmuth","article_modified_time":"2025-10-14T20:46:11+00:00","twitter_card":"summary_large_image","schema":{"@context":"https:\/\/schema.org","@graph":[{"@type":"WebPage","@id":"https:\/\/kinderarzt-mellendorf.de\/?page_id=104","url":"https:\/\/kinderarzt-mellendorf.de\/?page_id=104","name":"Das Team - KinderArztpraxis Mellendorf, Dr. med. Sandra S\u00fc\u00dfmuth","isPartOf":{"@id":"https:\/\/kinderarzt-mellendorf.de\/#website"},"datePublished":"2022-12-12T08:42:47+00:00","dateModified":"2025-10-14T20:46:11+00:00","breadcrumb":{"@id":"https:\/\/kinderarzt-mellendorf.de\/?page_id=104#breadcrumb"},"inLanguage":"de-DE","potentialAction":[{"@type":"ReadAction","target":["https:\/\/kinderarzt-mellendorf.de\/?page_id=104"]}]},{"@type":"BreadcrumbList","@id":"https:\/\/kinderarzt-mellendorf.de\/?page_id=104#breadcrumb","itemListElement":[{"@type":"ListItem","position":1,"name":"Startseite","item":"https:\/\/kinderarzt-mellendorf.de\/"},{"@type":"ListItem","position":2,"name":"Das Team"}]},{"@type":"WebSite","@id":"https:\/\/kinderarzt-mellendorf.de\/#website","url":"https:\/\/kinderarzt-mellendorf.de\/","name":"KinderArztpraxis Mellendorf, Dr. med. Sandra S\u00fc\u00dfmuth","description":"","potentialAction":[{"@type":"SearchAction","target":{"@type":"EntryPoint","urlTemplate":"https:\/\/kinderarzt-mellendorf.de\/?s={search_term_string}"},"query-input":"required name=search_term_string"}],"inLanguage":"de-DE"}]}},"_links":{"self":[{"href":"https:\/\/kinderarzt-mellendorf.de\/index.php?rest_route=\/wp\/v2\/pages\/104"}],"collection":[{"href":"https:\/\/kinderarzt-mellendorf.de\/index.php?rest_route=\/wp\/v2\/pages"}],"about":[{"href":"https:\/\/kinderarzt-mellendorf.de\/index.php?rest_route=\/wp\/v2\/types\/page"}],"author":[{"embeddable":true,"href":"https:\/\/kinderarzt-mellendorf.de\/index.php?rest_route=\/wp\/v2\/users\/2"}],"replies":[{"embeddable":true,"href":"https:\/\/kinderarzt-mellendorf.de\/index.php?rest_route=%2Fwp%2Fv2%2Fcomments&post=104"}],"version-history":[{"count":11,"href":"https:\/\/kinderarzt-mellendorf.de\/index.php?rest_route=\/wp\/v2\/pages\/104\/revisions"}],"predecessor-version":[{"id":296,"href":"https:\/\/kinderarzt-mellendorf.de\/index.php?rest_route=\/wp\/v2\/pages\/104\/revisions\/296"}],"wp:attachment":[{"href":"https:\/\/kinderarzt-mellendorf.de\/index.php?rest_route=%2Fwp%2Fv2%2Fmedia&parent=104"}],"curies":[{"name":"wp","href":"https:\/\/api.w.org\/{rel}","templated":true}]}}